{"id":1828,"date":"2025-05-12T17:21:19","date_gmt":"2025-05-12T17:21:19","guid":{"rendered":"https:\/\/greengraphitetech.com\/?page_id=1828"},"modified":"2025-05-12T17:21:20","modified_gmt":"2025-05-12T17:21:20","slug":"blog-series-meet-the-team-kayla-zurakowski","status":"publish","type":"page","link":"https:\/\/greengraphitetech.com\/fr\/blog-series-meet-the-team-kayla-zurakowski\/","title":{"rendered":"Blog Series: &#8220;Meet the Team&#8221; &#8211; Kayla Zurakowski"},"content":{"rendered":"[et_pb_section fb_built=&#8221;1&#8243; admin_label=&#8221;Hero&#8221; _builder_version=&#8221;4.27.4&#8243; _module_preset=&#8221;default&#8221; background_image=&#8221;https:\/\/greengraphitetech.com\/wp-content\/uploads\/2025\/05\/pexels-fauxels-3183150.jpg&#8221; custom_padding=&#8221;15vw||15vw||true|&#8221; global_colors_info=&#8221;{}&#8221;][et_pb_row _builder_version=&#8221;4.17.1&#8243; _module_preset=&#8221;default&#8221; background_size=&#8221;initial&#8221; background_position=&#8221;top_left&#8221; background_repeat=&#8221;repeat&#8221; global_colors_info=&#8221;{}&#8221;][et_pb_column type=&#8221;4_4&#8243; _builder_version=&#8221;4.16&#8243; _module_preset=&#8221;default&#8221; custom_padding=&#8221;|||&#8221; global_colors_info=&#8221;{}&#8221; custom_padding__hover=&#8221;|||&#8221;][et_pb_cta title=&#8221;\u00a0 \u00a0 \u00a0 Blog Series:\u00a0 \u00a0 \u00a0 \u00a0 %22Meet the Team%22&#8243; button_url=&#8221;#why-we-do-it&#8221; _builder_version=&#8221;4.27.4&#8243; _module_preset=&#8221;default&#8221; header_font=&#8221;Montserrat|600|||||||&#8221; header_text_color=&#8221;#FFFFFF&#8221; header_font_size=&#8221;100px&#8221; header_line_height=&#8221;1.3em&#8221; body_font=&#8221;Montserrat|300|||||||&#8221; body_text_color=&#8221;#FFFFFF&#8221; body_font_size=&#8221;22px&#8221; body_line_height=&#8221;1.9em&#8221; use_background_color=&#8221;off&#8221; custom_button=&#8221;on&#8221; button_text_size=&#8221;16px&#8221; button_text_color=&#8221;#ffffff&#8221; button_bg_color=&#8221;#0dc85d&#8221; button_border_width=&#8221;10px&#8221; button_border_color=&#8221;rgba(47,56,84,0)&#8221; button_border_radius=&#8221;60px&#8221; button_letter_spacing=&#8221;1px&#8221; button_font=&#8221;Montserrat|700||on|||||&#8221; button_use_icon=&#8221;off&#8221; background_layout=&#8221;light&#8221; width=&#8221;100%&#8221; max_width=&#8221;100%&#8221; animation_style=&#8221;zoom&#8221; animation_direction=&#8221;bottom&#8221; animation_intensity_zoom=&#8221;10%&#8221; header_font_size_tablet=&#8221;&#8221; header_font_size_phone=&#8221;50px&#8221; header_font_size_last_edited=&#8221;on|phone&#8221; button_text_color_hover=&#8221;#ffffff&#8221; button_border_radius_hover=&#8221;66px&#8221; button_letter_spacing_hover=&#8221;1px&#8221; button_bg_color_hover=&#8221;rgba(47,56,84,0.9)&#8221; global_colors_info=&#8221;{}&#8221; button_text_size__hover_enabled=&#8221;off&#8221; button_one_text_size__hover_enabled=&#8221;off&#8221; button_two_text_size__hover_enabled=&#8221;off&#8221; button_text_color__hover_enabled=&#8221;on&#8221; button_text_color__hover=&#8221;#ffffff&#8221; button_one_text_color__hover_enabled=&#8221;off&#8221; button_two_text_color__hover_enabled=&#8221;off&#8221; button_border_width__hover_enabled=&#8221;off&#8221; button_one_border_width__hover_enabled=&#8221;off&#8221; button_two_border_width__hover_enabled=&#8221;off&#8221; button_border_color__hover_enabled=&#8221;off&#8221; button_one_border_color__hover_enabled=&#8221;off&#8221; button_two_border_color__hover_enabled=&#8221;off&#8221; button_border_radius__hover_enabled=&#8221;on&#8221; button_border_radius__hover=&#8221;66px&#8221; button_one_border_radius__hover_enabled=&#8221;off&#8221; button_two_border_radius__hover_enabled=&#8221;off&#8221; button_letter_spacing__hover_enabled=&#8221;on&#8221; button_letter_spacing__hover=&#8221;1px&#8221; button_one_letter_spacing__hover_enabled=&#8221;off&#8221; button_two_letter_spacing__hover_enabled=&#8221;off&#8221; button_bg_color__hover_enabled=&#8221;on&#8221; button_bg_color__hover=&#8221;rgba(47,56,84,0.9)&#8221; button_one_bg_color__hover_enabled=&#8221;off&#8221; button_two_bg_color__hover_enabled=&#8221;off&#8221;][\/et_pb_cta][\/et_pb_column][\/et_pb_row][\/et_pb_section][et_pb_section fb_built=&#8221;1&#8243; _builder_version=&#8221;4.22.2&#8243; _module_preset=&#8221;default&#8221; global_colors_info=&#8221;{}&#8221;][et_pb_row _builder_version=&#8221;4.27.4&#8243; _module_preset=&#8221;default&#8221; global_colors_info=&#8221;{}&#8221;][et_pb_column type=&#8221;4_4&#8243; _builder_version=&#8221;4.27.4&#8243; _module_preset=&#8221;default&#8221; global_colors_info=&#8221;{}&#8221;][et_pb_text _builder_version=&#8221;4.27.4&#8243; text_font=&#8221;Overpass|300|||||||&#8221; text_font_size=&#8221;22px&#8221; text_line_height=&#8221;1.8em&#8221; link_font=&#8221;||||||||&#8221; link_text_color=&#8221;#0dc85d&#8221; header_font=&#8221;||||||||&#8221; header_2_font=&#8221;Overpass|700|||||||&#8221; header_2_font_size=&#8221;32px&#8221; header_2_line_height=&#8221;1.1em&#8221; header_3_font=&#8221;Overpass|900|||||||&#8221; header_3_text_color=&#8221;#0dc85d&#8221; header_3_font_size=&#8221;50px&#8221; header_3_line_height=&#8221;1.2em&#8221; custom_margin=&#8221;||-1px|||&#8221; custom_padding=&#8221;50px||50px||true|&#8221; text_font_size_tablet=&#8221;&#8221; text_font_size_phone=&#8221;14px&#8221; text_font_size_last_edited=&#8221;on|desktop&#8221; header_2_font_size_tablet=&#8221;38px&#8221; header_2_font_size_phone=&#8221;26px&#8221; header_2_font_size_last_edited=&#8221;on|desktop&#8221; header_3_font_tablet=&#8221;&#8221; header_3_font_phone=&#8221;Overpass|700|||||||&#8221; header_3_font_last_edited=&#8221;on|phone&#8221; header_3_font_size_tablet=&#8221;24px&#8221; header_3_font_size_phone=&#8221;18px&#8221; header_3_font_size_last_edited=&#8221;on|desktop&#8221; locked=&#8221;off&#8221; global_colors_info=&#8221;{}&#8221;]<h3 style=\"text-align: center;\"><strong>Rencontrez l'\u00e9quipe Q&amp;R - Kayla<\/strong><\/h3>\n<p><strong><\/strong><\/p>\n<h2 style=\"text-align: center;\"><strong>Qu'est-ce qui vous a motiv\u00e9 \u00e0 rejoindre Technologies Graphite Vertes et qu'est-ce qui vous passionne le plus dans le travail effectu\u00e9 ici ?<\/strong><\/h2>\n<p style=\"text-align: left;\"><span style=\"font-family: 'Nunito Sans';\"><\/span><\/p>\n<p>Bien que je n'aie pas \u00e9tudi\u00e9 le g\u00e9nie chimique, j'ai \u00e9t\u00e9 attir\u00e9 par TGV pour sa vision innovante et son \u00e9quipe solide et passionn\u00e9e. L'id\u00e9e de transformer le traitement du graphite tout en r\u00e9duisant consid\u00e9rablement l'impact environnemental est incroyable - surtout compte tenu de l'\u00e9cart \u00e9vident qui existe sur le march\u00e9. J'\u00e9tais enthousiaste \u00e0 l'id\u00e9e de faire partie d'une \u00e9quipe qui faisait de vrais progr\u00e8s dans les technologies propres, et j'ai \u00e9t\u00e9 continuellement inspir\u00e9e par l'expertise et le d\u00e9vouement de mes coll\u00e8gues. J'ai surtout h\u00e2te de voir comment notre travail contribue \u00e0 un avenir plus durable pour tous.<\/p>[\/et_pb_text][et_pb_text _builder_version=&#8221;4.27.4&#8243; text_font=&#8221;Overpass|300|||||||&#8221; text_font_size=&#8221;22px&#8221; text_line_height=&#8221;1.8em&#8221; link_font=&#8221;||||||||&#8221; link_text_color=&#8221;#0dc85d&#8221; header_font=&#8221;||||||||&#8221; header_2_font=&#8221;Overpass|700|||||||&#8221; header_2_font_size=&#8221;32px&#8221; header_2_line_height=&#8221;1.1em&#8221; header_3_font=&#8221;Overpass|800|||||||&#8221; header_3_text_color=&#8221;#0dc85d&#8221; header_3_font_size=&#8221;42px&#8221; header_3_line_height=&#8221;1.2em&#8221; custom_margin=&#8221;||-1px|||&#8221; custom_padding=&#8221;50px||50px||true|&#8221; text_font_size_tablet=&#8221;&#8221; text_font_size_phone=&#8221;14px&#8221; text_font_size_last_edited=&#8221;on|desktop&#8221; header_2_font_size_tablet=&#8221;38px&#8221; header_2_font_size_phone=&#8221;26px&#8221; header_2_font_size_last_edited=&#8221;on|desktop&#8221; header_3_font_tablet=&#8221;&#8221; header_3_font_phone=&#8221;Overpass|700|||||||&#8221; header_3_font_last_edited=&#8221;on|phone&#8221; header_3_font_size_tablet=&#8221;24px&#8221; header_3_font_size_phone=&#8221;18px&#8221; header_3_font_size_last_edited=&#8221;on|desktop&#8221; locked=&#8221;off&#8221; global_colors_info=&#8221;{}&#8221;]<h2 style=\"text-align: center;\"><strong>Pouvez-vous nous parler un peu de votre parcours et de votre r\u00f4le chez TGV ?<\/strong><\/h2>\n<p style=\"text-align: left;\"><span style=\"font-family: 'Nunito Sans';\"><\/span><\/p>\n<p>Mon exp\u00e9rience en \u00e9tudes de l'Asie de l'Est, en espagnol et en traduction m'a donn\u00e9 une base solide en communication et en compr\u00e9hension interculturelle. Au d\u00e9part, j'ai rejoint TGV pour aider \u00e0 la traduction de documents importants en fran\u00e7ais, mais au fil du temps, mon r\u00f4le s'est \u00e9largi pour inclure la communication sur les subventions, les partenariats et l'organisation de projets. J'ai \u00e9galement acquis une exp\u00e9rience pr\u00e9cieuse dans le suivi financier, ce qui m'a donn\u00e9 une perspective plus large sur la fa\u00e7on dont les startups se d\u00e9veloppent et s'\u00e9tendent. Ce fut un parcours passionnant d'apprentissage et d'application de mes comp\u00e9tences dans de nouvelles voies, et j'ai h\u00e2te de voir ce que nous accomplirons \u00e0 l'avenir.<\/p>[\/et_pb_text][et_pb_text _builder_version=&#8221;4.27.4&#8243; text_font=&#8221;Overpass|300|||||||&#8221; text_font_size=&#8221;22px&#8221; text_line_height=&#8221;1.8em&#8221; link_font=&#8221;||||||||&#8221; link_text_color=&#8221;#0dc85d&#8221; header_font=&#8221;||||||||&#8221; header_2_font=&#8221;Overpass|700|||||||&#8221; header_2_font_size=&#8221;32px&#8221; header_2_line_height=&#8221;1.1em&#8221; header_3_font=&#8221;Overpass|800|||||||&#8221; header_3_text_color=&#8221;#0dc85d&#8221; header_3_font_size=&#8221;42px&#8221; header_3_line_height=&#8221;1.2em&#8221; custom_margin=&#8221;||-1px|||&#8221; custom_padding=&#8221;50px||50px||true|&#8221; text_font_size_tablet=&#8221;&#8221; text_font_size_phone=&#8221;14px&#8221; text_font_size_last_edited=&#8221;on|desktop&#8221; header_2_font_size_tablet=&#8221;38px&#8221; header_2_font_size_phone=&#8221;26px&#8221; header_2_font_size_last_edited=&#8221;on|desktop&#8221; header_3_font_tablet=&#8221;&#8221; header_3_font_phone=&#8221;Overpass|700|||||||&#8221; header_3_font_last_edited=&#8221;on|phone&#8221; header_3_font_size_tablet=&#8221;24px&#8221; header_3_font_size_phone=&#8221;18px&#8221; header_3_font_size_last_edited=&#8221;on|desktop&#8221; locked=&#8221;off&#8221; global_colors_info=&#8221;{}&#8221;]<h2 style=\"text-align: center;\"><strong>Comment d\u00e9cririez-vous l'environnement de travail chez TGV et qu'est-ce qui vous pla\u00eet le plus dans le fait de faire partie de l'\u00e9quipe ?<\/strong><\/h2>\n<p style=\"text-align: left;\"><span style=\"font-family: 'Nunito Sans';\"><\/span><\/p>\n<p>Le travail chez TGV est rapide et dynamique - il est facile de perdre la notion du temps avec tant de choses extraordinaires qui se passent ! L'environnement est en constante \u00e9volution et j'aime collaborer avec des membres de l'\u00e9quipe aussi talentueux et passionn\u00e9s par ce qu'ils font. Cette \u00e9nergie rend chaque journ\u00e9e int\u00e9ressante et motivante. J'appr\u00e9cie \u00e9galement le niveau de responsabilit\u00e9 que j'ai dans mon r\u00f4le - \u00eatre capable de diriger des t\u00e2ches, de contribuer \u00e0 des objectifs significatifs et de voir l'entreprise se d\u00e9velopper est incroyablement gratifiant.<\/p>[\/et_pb_text][et_pb_text _builder_version=&#8221;4.27.4&#8243; text_font=&#8221;Overpass|300|||||||&#8221; text_font_size=&#8221;22px&#8221; text_line_height=&#8221;1.8em&#8221; link_font=&#8221;||||||||&#8221; link_text_color=&#8221;#0dc85d&#8221; header_font=&#8221;||||||||&#8221; header_2_font=&#8221;Overpass|700|||||||&#8221; header_2_font_size=&#8221;32px&#8221; header_2_line_height=&#8221;1.1em&#8221; header_3_font=&#8221;Overpass|800|||||||&#8221; header_3_text_color=&#8221;#0dc85d&#8221; header_3_font_size=&#8221;42px&#8221; header_3_line_height=&#8221;1.2em&#8221; custom_margin=&#8221;||-1px|||&#8221; custom_padding=&#8221;50px||50px||true|&#8221; text_font_size_tablet=&#8221;&#8221; text_font_size_phone=&#8221;14px&#8221; text_font_size_last_edited=&#8221;on|desktop&#8221; header_2_font_size_tablet=&#8221;38px&#8221; header_2_font_size_phone=&#8221;26px&#8221; header_2_font_size_last_edited=&#8221;on|desktop&#8221; header_3_font_tablet=&#8221;&#8221; header_3_font_phone=&#8221;Overpass|700|||||||&#8221; header_3_font_last_edited=&#8221;on|phone&#8221; header_3_font_size_tablet=&#8221;24px&#8221; header_3_font_size_phone=&#8221;18px&#8221; header_3_font_size_last_edited=&#8221;on|desktop&#8221; locked=&#8221;off&#8221; global_colors_info=&#8221;{}&#8221;]<h2 style=\"text-align: center;\"><strong>Racontez-nous un fait amusant sur vous-m\u00eame ! <\/strong><\/h2>\n<p style=\"text-align: left;\"><span style=\"font-family: 'Nunito Sans';\"><\/span><\/p>\n<p>J'adore faire de la randonn\u00e9e et explorer les montagnes, surtout \u00e0 Kananaskis! Cela fait maintenant deux ans que je me consacre \u00e0 ce hobby et l'ann\u00e9e derni\u00e8re, j'ai r\u00e9ussi \u00e0 atteindre mon objectif de 200 km sur les sentiers. Ma randonn\u00e9e pr\u00e9f\u00e9r\u00e9e jusqu'\u00e0 pr\u00e9sent est celle du lac Carnarvon. L'\u00e9t\u00e9 n'arrivera jamais assez vite - je vise \u00e0 faire 300 km cette ann\u00e9e !<\/p>[\/et_pb_text][\/et_pb_column][\/et_pb_row][\/et_pb_section]","protected":false},"excerpt":{"rendered":"<p>Meet the Team Q&amp;A \u2013 Kayla What motivated you to join Green Graphite Technologies, and what excites you most about the work being done here? While my background isn\u2019t in chemical engineering, I was drawn to GGT for its innovative vision and strong, passionate team. The idea of transforming graphite processing while significantly reducing environmental [&hellip;]<\/p>","protected":false},"author":2,"featured_media":0,"parent":0,"menu_order":0,"comment_status":"closed","ping_status":"closed","template":"","meta":{"_et_pb_use_builder":"on","_et_pb_old_content":"","_et_gb_content_width":"","footnotes":""},"class_list":["post-1828","page","type-page","status-publish","hentry"],"_links":{"self":[{"href":"https:\/\/greengraphitetech.com\/fr\/wp-json\/wp\/v2\/pages\/1828","targetHints":{"allow":["GET"]}}],"collection":[{"href":"https:\/\/greengraphitetech.com\/fr\/wp-json\/wp\/v2\/pages"}],"about":[{"href":"https:\/\/greengraphitetech.com\/fr\/wp-json\/wp\/v2\/types\/page"}],"author":[{"embeddable":true,"href":"https:\/\/greengraphitetech.com\/fr\/wp-json\/wp\/v2\/users\/2"}],"replies":[{"embeddable":true,"href":"https:\/\/greengraphitetech.com\/fr\/wp-json\/wp\/v2\/comments?post=1828"}],"version-history":[{"count":0,"href":"https:\/\/greengraphitetech.com\/fr\/wp-json\/wp\/v2\/pages\/1828\/revisions"}],"wp:attachment":[{"href":"https:\/\/greengraphitetech.com\/fr\/wp-json\/wp\/v2\/media?parent=1828"}],"curies":[{"name":"wp","href":"https:\/\/api.w.org\/{rel}","templated":true}]}}