{"id":1884,"date":"2025-07-08T02:31:49","date_gmt":"2025-07-08T02:31:49","guid":{"rendered":"https:\/\/greengraphitetech.com\/?page_id=1884"},"modified":"2025-07-08T02:31:51","modified_gmt":"2025-07-08T02:31:51","slug":"blog-series-meet-the-team-jean-yves-huot","status":"publish","type":"page","link":"https:\/\/greengraphitetech.com\/fr\/blog-series-meet-the-team-jean-yves-huot\/","title":{"rendered":"Blog Series: &#8220;Meet the Team&#8221; &#8211; Jean-Yves Huot"},"content":{"rendered":"[et_pb_section fb_built=&#8221;1&#8243; admin_label=&#8221;Hero&#8221; _builder_version=&#8221;4.27.4&#8243; _module_preset=&#8221;default&#8221; background_image=&#8221;https:\/\/greengraphitetech.com\/wp-content\/uploads\/2025\/05\/pexels-fauxels-3183150.jpg&#8221; custom_padding=&#8221;15vw||15vw||true|&#8221; global_colors_info=&#8221;{}&#8221;][et_pb_row _builder_version=&#8221;4.17.1&#8243; _module_preset=&#8221;default&#8221; background_size=&#8221;initial&#8221; background_position=&#8221;top_left&#8221; background_repeat=&#8221;repeat&#8221; global_colors_info=&#8221;{}&#8221;][et_pb_column type=&#8221;4_4&#8243; _builder_version=&#8221;4.16&#8243; _module_preset=&#8221;default&#8221; custom_padding=&#8221;|||&#8221; global_colors_info=&#8221;{}&#8221; custom_padding__hover=&#8221;|||&#8221;][et_pb_cta title=&#8221;      Blog Series:        %22Meet the Team%22&#8243; button_url=&#8221;#why-we-do-it&#8221; _builder_version=&#8221;4.27.4&#8243; _module_preset=&#8221;default&#8221; header_font=&#8221;Montserrat|600|||||||&#8221; header_text_color=&#8221;#FFFFFF&#8221; header_font_size=&#8221;100px&#8221; header_line_height=&#8221;1.3em&#8221; body_font=&#8221;Montserrat|300|||||||&#8221; body_text_color=&#8221;#FFFFFF&#8221; body_font_size=&#8221;22px&#8221; body_line_height=&#8221;1.9em&#8221; use_background_color=&#8221;off&#8221; custom_button=&#8221;on&#8221; button_text_size=&#8221;16px&#8221; button_text_color=&#8221;#ffffff&#8221; button_bg_color=&#8221;#0dc85d&#8221; button_border_width=&#8221;10px&#8221; button_border_color=&#8221;rgba(47,56,84,0)&#8221; button_border_radius=&#8221;60px&#8221; button_letter_spacing=&#8221;1px&#8221; button_font=&#8221;Montserrat|700||on|||||&#8221; button_use_icon=&#8221;off&#8221; background_layout=&#8221;light&#8221; width=&#8221;100%&#8221; max_width=&#8221;100%&#8221; animation_style=&#8221;zoom&#8221; animation_direction=&#8221;bottom&#8221; animation_intensity_zoom=&#8221;10%&#8221; header_font_size_tablet=&#8221;&#8221; header_font_size_phone=&#8221;50px&#8221; header_font_size_last_edited=&#8221;on|phone&#8221; button_text_color_hover=&#8221;#ffffff&#8221; button_border_radius_hover=&#8221;66px&#8221; button_letter_spacing_hover=&#8221;1px&#8221; button_bg_color_hover=&#8221;rgba(47,56,84,0.9)&#8221; global_colors_info=&#8221;{}&#8221; button_text_size__hover_enabled=&#8221;off&#8221; button_one_text_size__hover_enabled=&#8221;off&#8221; button_two_text_size__hover_enabled=&#8221;off&#8221; button_text_color__hover_enabled=&#8221;on&#8221; button_text_color__hover=&#8221;#ffffff&#8221; button_one_text_color__hover_enabled=&#8221;off&#8221; button_two_text_color__hover_enabled=&#8221;off&#8221; button_border_width__hover_enabled=&#8221;off&#8221; button_one_border_width__hover_enabled=&#8221;off&#8221; button_two_border_width__hover_enabled=&#8221;off&#8221; button_border_color__hover_enabled=&#8221;off&#8221; button_one_border_color__hover_enabled=&#8221;off&#8221; button_two_border_color__hover_enabled=&#8221;off&#8221; button_border_radius__hover_enabled=&#8221;on&#8221; button_border_radius__hover=&#8221;66px&#8221; button_one_border_radius__hover_enabled=&#8221;off&#8221; button_two_border_radius__hover_enabled=&#8221;off&#8221; button_letter_spacing__hover_enabled=&#8221;on&#8221; button_letter_spacing__hover=&#8221;1px&#8221; button_one_letter_spacing__hover_enabled=&#8221;off&#8221; button_two_letter_spacing__hover_enabled=&#8221;off&#8221; button_bg_color__hover_enabled=&#8221;on&#8221; button_bg_color__hover=&#8221;rgba(47,56,84,0.9)&#8221; button_one_bg_color__hover_enabled=&#8221;off&#8221; button_two_bg_color__hover_enabled=&#8221;off&#8221;][\/et_pb_cta][\/et_pb_column][\/et_pb_row][\/et_pb_section][et_pb_section fb_built=&#8221;1&#8243; _builder_version=&#8221;4.22.2&#8243; _module_preset=&#8221;default&#8221; global_colors_info=&#8221;{}&#8221;][et_pb_row _builder_version=&#8221;4.27.4&#8243; _module_preset=&#8221;default&#8221; global_colors_info=&#8221;{}&#8221;][et_pb_column type=&#8221;4_4&#8243; _builder_version=&#8221;4.27.4&#8243; _module_preset=&#8221;default&#8221; global_colors_info=&#8221;{}&#8221;][et_pb_text _builder_version=&#8221;4.27.4&#8243; text_font=&#8221;Overpass|300|||||||&#8221; text_font_size=&#8221;22px&#8221; text_line_height=&#8221;1.8em&#8221; link_font=&#8221;||||||||&#8221; link_text_color=&#8221;#0dc85d&#8221; header_font=&#8221;||||||||&#8221; header_2_font=&#8221;Overpass|700|||||||&#8221; header_2_font_size=&#8221;32px&#8221; header_2_line_height=&#8221;1.1em&#8221; header_3_font=&#8221;Overpass|900|||||||&#8221; header_3_text_color=&#8221;#0dc85d&#8221; header_3_font_size=&#8221;50px&#8221; header_3_line_height=&#8221;1.2em&#8221; custom_margin=&#8221;||-1px|||&#8221; custom_padding=&#8221;50px||50px||true|&#8221; hover_enabled=&#8221;0&#8243; text_font_size_tablet=&#8221;&#8221; text_font_size_phone=&#8221;14px&#8221; text_font_size_last_edited=&#8221;on|desktop&#8221; header_2_font_size_tablet=&#8221;38px&#8221; header_2_font_size_phone=&#8221;26px&#8221; header_2_font_size_last_edited=&#8221;on|desktop&#8221; header_3_font_tablet=&#8221;&#8221; header_3_font_phone=&#8221;Overpass|700|||||||&#8221; header_3_font_last_edited=&#8221;on|phone&#8221; header_3_font_size_tablet=&#8221;24px&#8221; header_3_font_size_phone=&#8221;18px&#8221; header_3_font_size_last_edited=&#8221;on|desktop&#8221; locked=&#8221;off&#8221; global_colors_info=&#8221;{}&#8221; sticky_enabled=&#8221;0&#8243;]<h3 style=\"text-align: center;\"><strong>Rencontrez l'\u00e9quipe Q&amp;R - Jean-Yves<\/strong><\/h3>\n<p><strong><\/strong><\/p>\n<h2 style=\"text-align: center;\"><strong>Qu'est-ce qui vous a motiv\u00e9 \u00e0 rejoindre Technologies Graphite Vertes et qu'est-ce qui vous passionne le plus dans le travail effectu\u00e9 ici ?<\/strong><\/h2>\n<p style=\"text-align: left;\"><span style=\"font-family: 'Nunito Sans';\"><\/span><\/p>\n<p>Apr\u00e8s plusieurs d\u00e9cennies dans l\u2019industrie et la R&amp;D des mat\u00e9riaux pour batterie, j\u2019ai d\u00e9cid\u00e9 de retarder ma retraite compl\u00e8te et de participer au d\u00e9marrage de GGT avec les fondateurs Gillian Holcroft et Kevin Watson au moment o\u00f9 l\u2019industrie occidentale des batteries \u00e9tait en pleine mutation apr\u00e8s la pand\u00e9mie COVID. La technologie innovatrice de GGT est une solution \u00e9conomique et verte pour produire du graphite de qualit\u00e9 batteries Li-ion hors-Chine, et je suis excit\u00e9 par les r\u00e9sultats labo et pilote qui confirment l\u2019\u00e9norme potentiel de nos proc\u00e9d\u00e9s de purification des graphites miniers et recycl\u00e9s.<\/p>[\/et_pb_text][et_pb_text _builder_version=&#8221;4.27.4&#8243; text_font=&#8221;Overpass|300|||||||&#8221; text_font_size=&#8221;22px&#8221; text_line_height=&#8221;1.8em&#8221; link_font=&#8221;||||||||&#8221; link_text_color=&#8221;#0dc85d&#8221; header_font=&#8221;||||||||&#8221; header_2_font=&#8221;Overpass|700|||||||&#8221; header_2_font_size=&#8221;32px&#8221; header_2_line_height=&#8221;1.1em&#8221; header_3_font=&#8221;Overpass|800|||||||&#8221; header_3_text_color=&#8221;#0dc85d&#8221; header_3_font_size=&#8221;42px&#8221; header_3_line_height=&#8221;1.2em&#8221; custom_margin=&#8221;||-1px|||&#8221; custom_padding=&#8221;50px||50px||true|&#8221; hover_enabled=&#8221;0&#8243; text_font_size_tablet=&#8221;&#8221; text_font_size_phone=&#8221;14px&#8221; text_font_size_last_edited=&#8221;on|desktop&#8221; header_2_font_size_tablet=&#8221;38px&#8221; header_2_font_size_phone=&#8221;26px&#8221; header_2_font_size_last_edited=&#8221;on|desktop&#8221; header_3_font_tablet=&#8221;&#8221; header_3_font_phone=&#8221;Overpass|700|||||||&#8221; header_3_font_last_edited=&#8221;on|phone&#8221; header_3_font_size_tablet=&#8221;24px&#8221; header_3_font_size_phone=&#8221;18px&#8221; header_3_font_size_last_edited=&#8221;on|desktop&#8221; locked=&#8221;off&#8221; global_colors_info=&#8221;{}&#8221; sticky_enabled=&#8221;0&#8243;]<h2 style=\"text-align: center;\"><strong>Pouvez-vous nous parler un peu de votre parcours et de votre r\u00f4le chez TGV ?<\/strong><\/h2>\n<p style=\"text-align: left;\"><span style=\"font-family: 'Nunito Sans';\"><\/span><\/p>\n<p>J\u2019ai un Ph.D. en chimie, et je suis un passionn\u00e9 des batteries et des mat\u00e9riaux pour batteries depuis pr\u00e8s de 40 ans, incluant une dizaine d\u2019ann\u00e9es en graphite pour batteries qui expliquent ma connexion avec GGT. J\u2019ai \u00e9t\u00e9 impliqu\u00e9 en R&amp;D, gestion de produits, contr\u00f4le de la qualit\u00e9 et commercialisation de nombreux mat\u00e9riaux pour batterie. Chez GGT, je suis VP Gestion des produits et mon r\u00f4le est de d\u00e9velopper et d\u2019optimiser nos produits.<\/p>[\/et_pb_text][et_pb_text _builder_version=&#8221;4.27.4&#8243; text_font=&#8221;Overpass|300|||||||&#8221; text_font_size=&#8221;22px&#8221; text_line_height=&#8221;1.8em&#8221; link_font=&#8221;||||||||&#8221; link_text_color=&#8221;#0dc85d&#8221; header_font=&#8221;||||||||&#8221; header_2_font=&#8221;Overpass|700|||||||&#8221; header_2_font_size=&#8221;32px&#8221; header_2_line_height=&#8221;1.1em&#8221; header_3_font=&#8221;Overpass|800|||||||&#8221; header_3_text_color=&#8221;#0dc85d&#8221; header_3_font_size=&#8221;42px&#8221; header_3_line_height=&#8221;1.2em&#8221; custom_margin=&#8221;||-1px|||&#8221; custom_padding=&#8221;50px||50px||true|&#8221; hover_enabled=&#8221;0&#8243; text_font_size_tablet=&#8221;&#8221; text_font_size_phone=&#8221;14px&#8221; text_font_size_last_edited=&#8221;on|desktop&#8221; header_2_font_size_tablet=&#8221;38px&#8221; header_2_font_size_phone=&#8221;26px&#8221; header_2_font_size_last_edited=&#8221;on|desktop&#8221; header_3_font_tablet=&#8221;&#8221; header_3_font_phone=&#8221;Overpass|700|||||||&#8221; header_3_font_last_edited=&#8221;on|phone&#8221; header_3_font_size_tablet=&#8221;24px&#8221; header_3_font_size_phone=&#8221;18px&#8221; header_3_font_size_last_edited=&#8221;on|desktop&#8221; locked=&#8221;off&#8221; global_colors_info=&#8221;{}&#8221; sticky_enabled=&#8221;0&#8243;]<h2 style=\"text-align: center;\"><strong>Comment d\u00e9cririez-vous l'environnement de travail chez TGV et qu'est-ce qui vous pla\u00eet le plus dans le fait de faire partie de l'\u00e9quipe ?<\/strong><\/h2>\n<p style=\"text-align: left;\"><span style=\"font-family: 'Nunito Sans';\"><\/span><\/p>\n<p>L\u2019ambiance de travail chez GGT est extr\u00eamement stimulante. J\u2019ai le privil\u00e8ge d\u2019\u00e9voluer aux c\u00f4t\u00e9s de coll\u00e8gues dynamiques, dont les expertises vari\u00e9es et les r\u00e9alisations remarquables enrichissent notre environnement professionnel. J\u2019ai \u00e9galement la chance de collaborer avec plusieurs partenaires en recherche et d\u00e9veloppement sur des enjeux critiques li\u00e9s \u00e0 nos produits et proc\u00e9d\u00e9s. Cette synergie favorise l\u2019innovation continue et renforce notre capacit\u00e9 \u00e0 relever les d\u00e9fis technologiques dans le domaine du graphite pour batteries.<\/p>[\/et_pb_text][et_pb_text _builder_version=&#8221;4.27.4&#8243; text_font=&#8221;Overpass|300|||||||&#8221; text_font_size=&#8221;22px&#8221; text_line_height=&#8221;1.8em&#8221; link_font=&#8221;||||||||&#8221; link_text_color=&#8221;#0dc85d&#8221; header_font=&#8221;||||||||&#8221; header_2_font=&#8221;Overpass|700|||||||&#8221; header_2_font_size=&#8221;32px&#8221; header_2_line_height=&#8221;1.1em&#8221; header_3_font=&#8221;Overpass|800|||||||&#8221; header_3_text_color=&#8221;#0dc85d&#8221; header_3_font_size=&#8221;42px&#8221; header_3_line_height=&#8221;1.2em&#8221; custom_margin=&#8221;||-1px|||&#8221; custom_padding=&#8221;50px||50px||true|&#8221; hover_enabled=&#8221;0&#8243; text_font_size_tablet=&#8221;&#8221; text_font_size_phone=&#8221;14px&#8221; text_font_size_last_edited=&#8221;on|desktop&#8221; header_2_font_size_tablet=&#8221;38px&#8221; header_2_font_size_phone=&#8221;26px&#8221; header_2_font_size_last_edited=&#8221;on|desktop&#8221; header_3_font_tablet=&#8221;&#8221; header_3_font_phone=&#8221;Overpass|700|||||||&#8221; header_3_font_last_edited=&#8221;on|phone&#8221; header_3_font_size_tablet=&#8221;24px&#8221; header_3_font_size_phone=&#8221;18px&#8221; header_3_font_size_last_edited=&#8221;on|desktop&#8221; locked=&#8221;off&#8221; global_colors_info=&#8221;{}&#8221; sticky_enabled=&#8221;0&#8243;]<h2 style=\"text-align: center;\"><strong>Racontez-nous un fait amusant sur vous-m\u00eame ! <\/strong><\/h2>\n<p style=\"text-align: left;\"><span style=\"font-family: 'Nunito Sans';\"><\/span><\/p>\n<p>J\u2019adore les sports en plein air \u2014 c\u2019est ma fa\u00e7on de profiter \u00e0 fond des quatre saisons tout en restant actif toute l\u2019ann\u00e9e. L\u2019hiver, je suis sur les pistes en ski alpin ou en ski de fond. Le reste du temps, je fais de la course \u00e0 pied, je joue au pickleball \u00e0 l\u2019ext\u00e9rieur, et je fais du v\u00e9lo en ville, avec des clubs, ou en mode cyclotourisme au Qu\u00e9bec et en France.<\/p>[\/et_pb_text][\/et_pb_column][\/et_pb_row][\/et_pb_section]","protected":false},"excerpt":{"rendered":"<p>Meet the Team Q&amp;A \u2013 Jean-Yves What motivated you to join Green Graphite Technologies, and what excites you most about the work being done here? After several decades in the industry and in battery materials R&amp;D, I decided to delay my full retirement and take part in the start-up of GGT with founders Gillian Holcroft [&hellip;]<\/p>","protected":false},"author":2,"featured_media":0,"parent":0,"menu_order":0,"comment_status":"closed","ping_status":"closed","template":"","meta":{"_et_pb_use_builder":"on","_et_pb_old_content":"","_et_gb_content_width":"","footnotes":""},"class_list":["post-1884","page","type-page","status-publish","hentry"],"_links":{"self":[{"href":"https:\/\/greengraphitetech.com\/fr\/wp-json\/wp\/v2\/pages\/1884","targetHints":{"allow":["GET"]}}],"collection":[{"href":"https:\/\/greengraphitetech.com\/fr\/wp-json\/wp\/v2\/pages"}],"about":[{"href":"https:\/\/greengraphitetech.com\/fr\/wp-json\/wp\/v2\/types\/page"}],"author":[{"embeddable":true,"href":"https:\/\/greengraphitetech.com\/fr\/wp-json\/wp\/v2\/users\/2"}],"replies":[{"embeddable":true,"href":"https:\/\/greengraphitetech.com\/fr\/wp-json\/wp\/v2\/comments?post=1884"}],"version-history":[{"count":0,"href":"https:\/\/greengraphitetech.com\/fr\/wp-json\/wp\/v2\/pages\/1884\/revisions"}],"wp:attachment":[{"href":"https:\/\/greengraphitetech.com\/fr\/wp-json\/wp\/v2\/media?parent=1884"}],"curies":[{"name":"wp","href":"https:\/\/api.w.org\/{rel}","templated":true}]}}